{"id":2,"date":"2025-10-06T06:41:32","date_gmt":"2025-10-06T06:41:32","guid":{"rendered":"http:\/\/grnykaza.pl\/?page_id=2"},"modified":"2026-03-20T15:08:24","modified_gmt":"2026-03-20T15:08:24","slug":"sample-page","status":"publish","type":"page","link":"https:\/\/grnykaza.pl\/","title":{"rendered":"Strona g\u0142\u00f3wna"},"content":{"rendered":"\t\t<div data-elementor-type=\"wp-page\" data-elementor-id=\"2\" class=\"elementor elementor-2\">\n\t\t\t\t<div class=\"elementor-element elementor-element-e054c8c e-con-full e-flex e-con e-parent\" data-id=\"e054c8c\" data-element_type=\"container\" data-e-type=\"container\" data-settings=\"{&quot;background_background&quot;:&quot;classic&quot;}\">\n\t\t\t\t<div class=\"elementor-element elementor-element-8fc327d elementor-widget elementor-widget-image\" data-id=\"8fc327d\" data-element_type=\"widget\" data-e-type=\"widget\" data-widget_type=\"image.default\">\n\t\t\t\t\t\t\t\t\t\t\t\t\t\t\t<img fetchpriority=\"high\" decoding=\"async\" width=\"1279\" height=\"556\" src=\"https:\/\/grnykaza.pl\/wp-content\/uploads\/2026\/03\/TYL.jpg\" class=\"attachment-full size-full wp-image-425\" alt=\"\" srcset=\"https:\/\/grnykaza.pl\/wp-content\/uploads\/2026\/03\/TYL.jpg 1279w, https:\/\/grnykaza.pl\/wp-content\/uploads\/2026\/03\/TYL-300x130.jpg 300w, https:\/\/grnykaza.pl\/wp-content\/uploads\/2026\/03\/TYL-1024x445.jpg 1024w, https:\/\/grnykaza.pl\/wp-content\/uploads\/2026\/03\/TYL-768x334.jpg 768w, https:\/\/grnykaza.pl\/wp-content\/uploads\/2026\/03\/TYL-600x261.jpg 600w\" sizes=\"(max-width: 1279px) 100vw, 1279px\" \/>\t\t\t\t\t\t\t\t\t\t\t\t\t\t\t<\/div>\n\t\t\t\t<\/div>\n\t\t\t\t<section class=\"elementor-section elementor-top-section elementor-element elementor-element-fgxhpga elementor-section-content-middle elementor-reverse-mobile elementor-section-boxed elementor-section-height-default elementor-section-height-default\" data-id=\"fgxhpga\" data-element_type=\"section\" data-e-type=\"section\" data-settings=\"{&quot;background_background&quot;:&quot;classic&quot;}\">\n\t\t\t\t\t\t\t<div class=\"elementor-background-overlay\"><\/div>\n\t\t\t\t\t\t\t<div class=\"elementor-container elementor-column-gap-no\">\n\t\t\t\t\t<div class=\"elementor-column elementor-col-50 elementor-top-column elementor-element elementor-element-b0b74d8\" data-id=\"b0b74d8\" data-element_type=\"column\" data-e-type=\"column\">\n\t\t\t<div class=\"elementor-widget-wrap elementor-element-populated\">\n\t\t\t\t\t\t<div class=\"elementor-element elementor-element-bfed4c6 elementor-widget elementor-widget-heading\" data-id=\"bfed4c6\" data-element_type=\"widget\" data-e-type=\"widget\" data-widget_type=\"heading.default\">\n\t\t\t\t\t<h2 class=\"elementor-heading-title elementor-size-default\">\u015awie\u017co\u015b\u0107 i tradycja w ka\u017cdym k\u0119sie!<\/h2>\t\t\t\t<\/div>\n\t\t\t\t<div class=\"elementor-element elementor-element-327f367 elementor-widget elementor-widget-text-editor\" data-id=\"327f367\" data-element_type=\"widget\" data-e-type=\"widget\" data-widget_type=\"text-editor.default\">\n\t\t\t\t\t\t\t\t\t<p>Nasze sery to r\u0119czna praca, naturalne sk\u0142adniki i cierpliwo\u015b\u0107, kt\u00f3rej nie da si\u0119 przyspieszy\u0107. Ka\u017cdy ser przechodzi u nas dok\u0142adn\u0105 kontrol\u0119, aby trafi\u0142 do Ciebie dok\u0142adnie taki, jak lubisz &#8211; \u015bwie\u017cy i aromatyczny. Wystarczy otworzy\u0107 opakowanie, by poczu\u0107 zapach dymu z bac\u00f3wki i smak Podhala, kt\u00f3ry zostaje w pami\u0119ci na d\u0142ugo.<\/p>\t\t\t\t\t\t\t\t<\/div>\n\t\t\t\t\t<\/div>\n\t\t<\/div>\n\t\t\t\t<div class=\"elementor-column elementor-col-50 elementor-top-column elementor-element elementor-element-51962fb\" data-id=\"51962fb\" data-element_type=\"column\" data-e-type=\"column\" data-settings=\"{&quot;background_background&quot;:&quot;classic&quot;}\">\n\t\t\t<div class=\"elementor-widget-wrap elementor-element-populated\">\n\t\t\t\t\t\t<div class=\"elementor-element elementor-element-548eeb0 elementor-widget elementor-widget-image\" data-id=\"548eeb0\" data-element_type=\"widget\" data-e-type=\"widget\" data-widget_type=\"image.default\">\n\t\t\t\t\t\t\t\t\t\t\t\t\t\t\t<img decoding=\"async\" width=\"877\" height=\"587\" src=\"https:\/\/grnykaza.pl\/wp-content\/uploads\/2026\/03\/lasek_detal.png\" class=\"attachment-large size-large wp-image-424\" alt=\"\" srcset=\"https:\/\/grnykaza.pl\/wp-content\/uploads\/2026\/03\/lasek_detal.png 877w, https:\/\/grnykaza.pl\/wp-content\/uploads\/2026\/03\/lasek_detal-300x201.png 300w, https:\/\/grnykaza.pl\/wp-content\/uploads\/2026\/03\/lasek_detal-768x514.png 768w, https:\/\/grnykaza.pl\/wp-content\/uploads\/2026\/03\/lasek_detal-600x402.png 600w\" sizes=\"(max-width: 877px) 100vw, 877px\" \/>\t\t\t\t\t\t\t\t\t\t\t\t\t\t\t<\/div>\n\t\t\t\t\t<\/div>\n\t\t<\/div>\n\t\t\t\t\t<\/div>\n\t\t<\/section>\n\t\t\t\t<section class=\"elementor-section elementor-top-section elementor-element elementor-element-3f5bccf elementor-section-content-middle elementor-reverse-mobile elementor-section-full_width elementor-section-height-default elementor-section-height-default\" data-id=\"3f5bccf\" data-element_type=\"section\" data-e-type=\"section\" data-settings=\"{&quot;background_background&quot;:&quot;classic&quot;}\">\n\t\t\t\t\t\t\t<div class=\"elementor-background-overlay\"><\/div>\n\t\t\t\t\t\t\t<div class=\"elementor-container elementor-column-gap-no\">\n\t\t\t\t\t<div class=\"elementor-column elementor-col-100 elementor-top-column elementor-element elementor-element-60e980a\" data-id=\"60e980a\" data-element_type=\"column\" data-e-type=\"column\">\n\t\t\t<div class=\"elementor-widget-wrap elementor-element-populated\">\n\t\t\t\t<div class=\"elementor-element elementor-element-04a1dda e-flex e-con-boxed e-con e-parent\" data-id=\"04a1dda\" data-element_type=\"container\" data-e-type=\"container\">\n\t\t\t\t\t<div class=\"e-con-inner\">\n\t\t\t\t<div class=\"elementor-element elementor-element-14aaca2 elementor-view-stacked elementor-widget__width-initial elementor-shape-circle elementor-position-block-start elementor-mobile-position-block-start elementor-widget elementor-widget-icon-box\" data-id=\"14aaca2\" data-element_type=\"widget\" data-e-type=\"widget\" data-widget_type=\"icon-box.default\">\n\t\t\t\t\t\t\t<div class=\"elementor-icon-box-wrapper\">\n\n\t\t\t\t\t\t<div class=\"elementor-icon-box-icon\">\n\t\t\t\t<span  class=\"elementor-icon\">\n\t\t\t\t<svg aria-hidden=\"true\" class=\"e-font-icon-svg e-fas-leaf\" viewBox=\"0 0 576 512\" xmlns=\"http:\/\/www.w3.org\/2000\/svg\"><path d=\"M546.2 9.7c-5.6-12.5-21.6-13-28.3-1.2C486.9 62.4 431.4 96 368 96h-80C182 96 96 182 96 288c0 7 .8 13.7 1.5 20.5C161.3 262.8 253.4 224 384 224c8.8 0 16 7.2 16 16s-7.2 16-16 16C132.6 256 26 410.1 2.4 468c-6.6 16.3 1.2 34.9 17.5 41.6 16.4 6.8 35-1.1 41.8-17.3 1.5-3.6 20.9-47.9 71.9-90.6 32.4 43.9 94 85.8 174.9 77.2C465.5 467.5 576 326.7 576 154.3c0-50.2-10.8-102.2-29.8-144.6z\"><\/path><\/svg>\t\t\t\t<\/span>\n\t\t\t<\/div>\n\t\t\t\n\t\t\t\t\t\t<div class=\"elementor-icon-box-content\">\n\n\t\t\t\t\t\t\t\t\t<h5 class=\"elementor-icon-box-title\">\n\t\t\t\t\t\t<span  >\n\t\t\t\t\t\t\tNaturalne sk\u0142adniki\t\t\t\t\t\t<\/span>\n\t\t\t\t\t<\/h5>\n\t\t\t\t\n\t\t\t\t\t\t\t\t\t<p class=\"elementor-icon-box-description\">\n\t\t\t\t\t\tProsto z gospodarstwa, bez zb\u0119dnych dodatk\u00f3w\t\t\t\t\t<\/p>\n\t\t\t\t\n\t\t\t<\/div>\n\t\t\t\n\t\t<\/div>\n\t\t\t\t\t\t<\/div>\n\t\t\t\t<div class=\"elementor-element elementor-element-1d3479e elementor-view-stacked elementor-widget__width-initial elementor-shape-circle elementor-position-block-start elementor-mobile-position-block-start elementor-widget elementor-widget-icon-box\" data-id=\"1d3479e\" data-element_type=\"widget\" data-e-type=\"widget\" data-widget_type=\"icon-box.default\">\n\t\t\t\t\t\t\t<div class=\"elementor-icon-box-wrapper\">\n\n\t\t\t\t\t\t<div class=\"elementor-icon-box-icon\">\n\t\t\t\t<span  class=\"elementor-icon\">\n\t\t\t\t<svg aria-hidden=\"true\" class=\"e-font-icon-svg e-fas-cheese\" viewBox=\"0 0 512 512\" xmlns=\"http:\/\/www.w3.org\/2000\/svg\"><path d=\"M0 288v160a32 32 0 0 0 32 32h448a32 32 0 0 0 32-32V288zM299.83 32a32 32 0 0 0-21.13 7L0 256h512c0-119.89-94-217.8-212.17-224z\"><\/path><\/svg>\t\t\t\t<\/span>\n\t\t\t<\/div>\n\t\t\t\n\t\t\t\t\t\t<div class=\"elementor-icon-box-content\">\n\n\t\t\t\t\t\t\t\t\t<h5 class=\"elementor-icon-box-title\">\n\t\t\t\t\t\t<span  >\n\t\t\t\t\t\t\tPracownia serowarska\t\t\t\t\t\t<\/span>\n\t\t\t\t\t<\/h5>\n\t\t\t\t\n\t\t\t\t\t\t\t\t\t<p class=\"elementor-icon-box-description\">\n\t\t\t\t\t\tKontrola jako\u015bci od mleka po gotowy ser\t\t\t\t\t<\/p>\n\t\t\t\t\n\t\t\t<\/div>\n\t\t\t\n\t\t<\/div>\n\t\t\t\t\t\t<\/div>\n\t\t\t\t<div class=\"elementor-element elementor-element-0d4a9bf elementor-view-stacked elementor-widget__width-initial elementor-shape-circle elementor-position-block-start elementor-mobile-position-block-start elementor-widget elementor-widget-icon-box\" data-id=\"0d4a9bf\" data-element_type=\"widget\" data-e-type=\"widget\" data-widget_type=\"icon-box.default\">\n\t\t\t\t\t\t\t<div class=\"elementor-icon-box-wrapper\">\n\n\t\t\t\t\t\t<div class=\"elementor-icon-box-icon\">\n\t\t\t\t<span  class=\"elementor-icon\">\n\t\t\t\t<svg aria-hidden=\"true\" class=\"e-font-icon-svg e-fas-box\" viewBox=\"0 0 512 512\" xmlns=\"http:\/\/www.w3.org\/2000\/svg\"><path d=\"M509.5 184.6L458.9 32.8C452.4 13.2 434.1 0 413.4 0H272v192h238.7c-.4-2.5-.4-5-1.2-7.4zM240 0H98.6c-20.7 0-39 13.2-45.5 32.8L2.5 184.6c-.8 2.4-.8 4.9-1.2 7.4H240V0zM0 224v240c0 26.5 21.5 48 48 48h416c26.5 0 48-21.5 48-48V224H0z\"><\/path><\/svg>\t\t\t\t<\/span>\n\t\t\t<\/div>\n\t\t\t\n\t\t\t\t\t\t<div class=\"elementor-icon-box-content\">\n\n\t\t\t\t\t\t\t\t\t<h5 class=\"elementor-icon-box-title\">\n\t\t\t\t\t\t<span  >\n\t\t\t\t\t\t\tPakowanie pr\u00f3\u017cniowe\t\t\t\t\t\t<\/span>\n\t\t\t\t\t<\/h5>\n\t\t\t\t\n\t\t\t\t\t\t\t\t\t<p class=\"elementor-icon-box-description\">\n\t\t\t\t\t\t\u015awie\u017co\u015b\u0107 i aromat na d\u0142u\u017cej\t\t\t\t\t<\/p>\n\t\t\t\t\n\t\t\t<\/div>\n\t\t\t\n\t\t<\/div>\n\t\t\t\t\t\t<\/div>\n\t\t\t\t<div class=\"elementor-element elementor-element-743be2b elementor-view-stacked elementor-widget__width-initial elementor-shape-circle elementor-position-block-start elementor-mobile-position-block-start elementor-widget elementor-widget-icon-box\" data-id=\"743be2b\" data-element_type=\"widget\" data-e-type=\"widget\" data-widget_type=\"icon-box.default\">\n\t\t\t\t\t\t\t<div class=\"elementor-icon-box-wrapper\">\n\n\t\t\t\t\t\t<div class=\"elementor-icon-box-icon\">\n\t\t\t\t<span  class=\"elementor-icon\">\n\t\t\t\t<svg aria-hidden=\"true\" class=\"e-font-icon-svg e-fas-car-side\" viewBox=\"0 0 640 512\" xmlns=\"http:\/\/www.w3.org\/2000\/svg\"><path d=\"M544 192h-16L419.22 56.02A64.025 64.025 0 0 0 369.24 32H155.33c-26.17 0-49.7 15.93-59.42 40.23L48 194.26C20.44 201.4 0 226.21 0 256v112c0 8.84 7.16 16 16 16h48c0 53.02 42.98 96 96 96s96-42.98 96-96h128c0 53.02 42.98 96 96 96s96-42.98 96-96h48c8.84 0 16-7.16 16-16v-80c0-53.02-42.98-96-96-96zM160 432c-26.47 0-48-21.53-48-48s21.53-48 48-48 48 21.53 48 48-21.53 48-48 48zm72-240H116.93l38.4-96H232v96zm48 0V96h89.24l76.8 96H280zm200 240c-26.47 0-48-21.53-48-48s21.53-48 48-48 48 21.53 48 48-21.53 48-48 48z\"><\/path><\/svg>\t\t\t\t<\/span>\n\t\t\t<\/div>\n\t\t\t\n\t\t\t\t\t\t<div class=\"elementor-icon-box-content\">\n\n\t\t\t\t\t\t\t\t\t<h5 class=\"elementor-icon-box-title\">\n\t\t\t\t\t\t<span  >\n\t\t\t\t\t\t\tDost\u0119p w ca\u0142ej Polsce\t\t\t\t\t\t<\/span>\n\t\t\t\t\t<\/h5>\n\t\t\t\t\n\t\t\t\t\t\t\t\t\t<p class=\"elementor-icon-box-description\">\n\t\t\t\t\t\tWysy\u0142ka kurierem lub odbi\u00f3r osobisty\t\t\t\t\t<\/p>\n\t\t\t\t\n\t\t\t<\/div>\n\t\t\t\n\t\t<\/div>\n\t\t\t\t\t\t<\/div>\n\t\t\t\t\t<\/div>\n\t\t\t\t<\/div>\n\t\t\t\t\t<\/div>\n\t\t<\/div>\n\t\t\t\t\t<\/div>\n\t\t<\/section>\n\t\t\t\t<section class=\"elementor-section elementor-top-section elementor-element elementor-element-win85g8 elementor-section-content-middle elementor-reverse-mobile elementor-section-boxed elementor-section-height-default elementor-section-height-default\" data-id=\"win85g8\" data-element_type=\"section\" data-e-type=\"section\" data-settings=\"{&quot;background_background&quot;:&quot;classic&quot;}\">\n\t\t\t\t\t\t\t<div class=\"elementor-background-overlay\"><\/div>\n\t\t\t\t\t\t\t<div class=\"elementor-container elementor-column-gap-no\">\n\t\t\t\t\t<div class=\"elementor-column elementor-col-50 elementor-top-column elementor-element elementor-element-b0b74d8\" data-id=\"b0b74d8\" data-element_type=\"column\" data-e-type=\"column\">\n\t\t\t<div class=\"elementor-widget-wrap elementor-element-populated\">\n\t\t\t\t\t\t<div class=\"elementor-element elementor-element-bfed4c6 elementor-widget__width-initial elementor-widget elementor-widget-heading\" data-id=\"bfed4c6\" data-element_type=\"widget\" data-e-type=\"widget\" data-widget_type=\"heading.default\">\n\t\t\t\t\t<h2 class=\"elementor-heading-title elementor-size-default\">Rodzinne gospodarstwo z okolic Nowego Targu<\/h2>\t\t\t\t<\/div>\n\t\t\t\t<div class=\"elementor-element elementor-element-327f367 elementor-widget elementor-widget-text-editor\" data-id=\"327f367\" data-element_type=\"widget\" data-e-type=\"widget\" data-widget_type=\"text-editor.default\">\n\t\t\t\t\t\t\t\t\t<p>Jeste\u015bmy rodzinnym gospodarstwem z okolic Nowego Targu, gdzie od lat prowadzimy hodowl\u0119 kr\u00f3w mlecznych i uprawiamy ro\u015bliny na pasz\u0119. Na co dzie\u0144 dbamy o jako\u015b\u0107 mleka, kt\u00f3re powstaje w naturalnym rytmie gospodarstwa, bo w\u0142a\u015bnie z niego wytwarzamy nasze sery.<\/p>\t\t\t\t\t\t\t\t<\/div>\n\t\t\t\t\t<\/div>\n\t\t<\/div>\n\t\t\t\t<div class=\"elementor-column elementor-col-50 elementor-top-column elementor-element elementor-element-51962fb\" data-id=\"51962fb\" data-element_type=\"column\" data-e-type=\"column\" data-settings=\"{&quot;background_background&quot;:&quot;classic&quot;}\">\n\t\t\t<div class=\"elementor-widget-wrap elementor-element-populated\">\n\t\t\t\t\t\t<div class=\"elementor-element elementor-element-6315460 elementor-widget__width-initial elementor-widget elementor-widget-image\" data-id=\"6315460\" data-element_type=\"widget\" data-e-type=\"widget\" data-widget_type=\"image.default\">\n\t\t\t\t\t\t\t\t\t\t\t\t\t\t\t<img decoding=\"async\" src=\"https:\/\/grnykaza.pl\/wp-content\/uploads\/elementor\/thumbs\/a-holstein-cow-grazing-peacefully-in-a-picturesque-mountain-meadow.-35011991-scaled-rjo0v9iaw1kctcgu1wf2gne47l1llteqbumfjheaa0.jpg\" title=\"Zdj\u0119cie autorstwa Elia Zanrosso\" alt=\"A Holstein cow grazing peacefully in a picturesque mountain meadow.\" loading=\"lazy\" \/>\t\t\t\t\t\t\t\t\t\t\t\t\t\t\t<\/div>\n\t\t\t\t\t<\/div>\n\t\t<\/div>\n\t\t\t\t\t<\/div>\n\t\t<\/section>\n\t\t\t\t<section class=\"elementor-section elementor-top-section elementor-element elementor-element-1k4ub28 elementor-section-content-middle elementor-section-boxed elementor-section-height-default elementor-section-height-default\" data-id=\"1k4ub28\" data-element_type=\"section\" data-e-type=\"section\" data-settings=\"{&quot;background_background&quot;:&quot;classic&quot;}\">\n\t\t\t\t\t\t\t<div class=\"elementor-background-overlay\"><\/div>\n\t\t\t\t\t\t\t<div class=\"elementor-container elementor-column-gap-no\">\n\t\t\t\t\t<div class=\"elementor-column elementor-col-100 elementor-top-column elementor-element elementor-element-04229e9\" data-id=\"04229e9\" data-element_type=\"column\" data-e-type=\"column\">\n\t\t\t<div class=\"elementor-widget-wrap elementor-element-populated\">\n\t\t\t\t\t\t<div class=\"elementor-element elementor-element-bdb5955 elementor-widget elementor-widget-heading\" data-id=\"bdb5955\" data-element_type=\"widget\" data-e-type=\"widget\" data-widget_type=\"heading.default\">\n\t\t\t\t\t<h2 class=\"elementor-heading-title elementor-size-default\">W\u0142asna pracownia serowarska i pe\u0142na kontrola jako\u015bci<\/h2>\t\t\t\t<\/div>\n\t\t\t\t<div class=\"elementor-element elementor-element-b1bbbe1 elementor-widget elementor-widget-text-editor\" data-id=\"b1bbbe1\" data-element_type=\"widget\" data-e-type=\"widget\" data-widget_type=\"text-editor.default\">\n\t\t\t\t\t\t\t\t\t<p>Posiadamy w\u0142asn\u0105 pracowni\u0119 serowarsk\u0105, dzi\u0119ki kt\u00f3rej mamy pe\u0142n\u0105 kontrol\u0119 nad ka\u017cdym etapem \u2013 od \u015bwie\u017cego mleka, przez obr\u00f3bk\u0119 i dojrzewanie, a\u017c po gotowy produkt. Proces produkcji opieramy na rzetelno\u015bci, czysto\u015bci i powtarzalno\u015bci. Dzi\u0119ki temu mo\u017cemy oferowa\u0107 sery o stabilnej jako\u015bci i smaku, kt\u00f3rego oczekuj\u0105 klienci.<\/p>\t\t\t\t\t\t\t\t<\/div>\n\t\t\t\t\t<\/div>\n\t\t<\/div>\n\t\t\t\t\t<\/div>\n\t\t<\/section>\n\t\t\t\t<section class=\"elementor-section elementor-top-section elementor-element elementor-element-02ab9af elementor-section-content-middle elementor-section-boxed elementor-section-height-default elementor-section-height-default\" data-id=\"02ab9af\" data-element_type=\"section\" data-e-type=\"section\" data-settings=\"{&quot;background_background&quot;:&quot;classic&quot;}\">\n\t\t\t\t\t\t\t<div class=\"elementor-background-overlay\"><\/div>\n\t\t\t\t\t\t\t<div class=\"elementor-container elementor-column-gap-no\">\n\t\t\t\t\t<div class=\"elementor-column elementor-col-50 elementor-top-column elementor-element elementor-element-24bd10a\" data-id=\"24bd10a\" data-element_type=\"column\" data-e-type=\"column\">\n\t\t\t<div class=\"elementor-widget-wrap elementor-element-populated\">\n\t\t\t\t\t\t<div class=\"elementor-element elementor-element-f025435 elementor-widget elementor-widget-heading\" data-id=\"f025435\" data-element_type=\"widget\" data-e-type=\"widget\" data-widget_type=\"heading.default\">\n\t\t\t\t\t<h2 class=\"elementor-heading-title elementor-size-default\">Sery \u015bwie\u017ce i w\u0119dzone \u2013 pakowane pr\u00f3\u017cniowo<\/h2>\t\t\t\t<\/div>\n\t\t\t\t<div class=\"elementor-element elementor-element-1fbd3e9 elementor-widget elementor-widget-text-editor\" data-id=\"1fbd3e9\" data-element_type=\"widget\" data-e-type=\"widget\" data-widget_type=\"text-editor.default\">\n\t\t\t\t\t\t\t\t\t<p>W Naszym sklepie znajdziesz sery przygotowane z mleka z naszego gospodarstwa, pakowane pr\u00f3\u017cniowo, aby zachowa\u0142y \u015bwie\u017co\u015b\u0107, aromat i bezpiecznie dotar\u0142y do Ciebie. Oferujemy zar\u00f3wno sery \u015bwie\u017ce, jak i w\u0119dzone &#8211; w zale\u017cno\u015bci od sezonu i aktualnej partii.<\/p>\t\t\t\t\t\t\t\t<\/div>\n\t\t\t\t\t<\/div>\n\t\t<\/div>\n\t\t\t\t<div class=\"elementor-column elementor-col-50 elementor-top-column elementor-element elementor-element-ad4912a\" data-id=\"ad4912a\" data-element_type=\"column\" data-e-type=\"column\" data-settings=\"{&quot;background_background&quot;:&quot;classic&quot;}\">\n\t\t\t<div class=\"elementor-widget-wrap elementor-element-populated\">\n\t\t\t\t\t\t<div class=\"elementor-element elementor-element-875c4af elementor-widget__width-initial elementor-widget elementor-widget-image\" data-id=\"875c4af\" data-element_type=\"widget\" data-e-type=\"widget\" data-widget_type=\"image.default\">\n\t\t\t\t\t\t\t\t\t\t\t\t\t\t\t<img decoding=\"async\" src=\"https:\/\/grnykaza.pl\/wp-content\/uploads\/elementor\/thumbs\/WhatsApp-Image-2026-03-20-at-13.28.41-9-e1774014941368-rksfe2vfjob94qk0zikbgkq0t9e2ml5ojq3z00j0co.jpeg\" title=\"WhatsApp Image 2026-03-20 at 13.28.41 (9)\" alt=\"WhatsApp Image 2026-03-20 at 13.28.41 (9)\" loading=\"lazy\" \/>\t\t\t\t\t\t\t\t\t\t\t\t\t\t\t<\/div>\n\t\t\t\t\t<\/div>\n\t\t<\/div>\n\t\t\t\t\t<\/div>\n\t\t<\/section>\n\t\t\t\t<section class=\"elementor-section elementor-top-section elementor-element elementor-element-9e2cc4c elementor-section-content-middle elementor-reverse-mobile elementor-section-boxed elementor-section-height-default elementor-section-height-default\" data-id=\"9e2cc4c\" data-element_type=\"section\" data-e-type=\"section\" data-settings=\"{&quot;background_background&quot;:&quot;classic&quot;}\">\n\t\t\t\t\t\t\t<div class=\"elementor-background-overlay\"><\/div>\n\t\t\t\t\t\t\t<div class=\"elementor-container elementor-column-gap-no\">\n\t\t\t\t\t<div class=\"elementor-column elementor-col-100 elementor-top-column elementor-element elementor-element-d56cb8c\" data-id=\"d56cb8c\" data-element_type=\"column\" data-e-type=\"column\">\n\t\t\t<div class=\"elementor-widget-wrap elementor-element-populated\">\n\t\t\t\t\t\t<div class=\"elementor-element elementor-element-5455a51 elementor-widget elementor-widget-heading\" data-id=\"5455a51\" data-element_type=\"widget\" data-e-type=\"widget\" data-widget_type=\"heading.default\">\n\t\t\t\t\t<h2 class=\"elementor-heading-title elementor-size-default\">Sprzeda\u017c lokalna i wysy\u0142ka na ca\u0142\u0105 Polsk\u0119<\/h2>\t\t\t\t<\/div>\n\t\t\t\t<div class=\"elementor-element elementor-element-a61be13 elementor-widget elementor-widget-text-editor\" data-id=\"a61be13\" data-element_type=\"widget\" data-e-type=\"widget\" data-widget_type=\"text-editor.default\">\n\t\t\t\t\t\t\t\t\t<p>Swoje wyroby sprzedajemy lokalnie &#8211; nasze produkty trafiaj\u0105 do konsument\u00f3w indywidualnych, a tak\u017ce do lokalnych sklep\u00f3w, restauracji i punkt\u00f3w gastronomicznych, kt\u00f3re szukaj\u0105 autentycznych, regionalnych wyrob\u00f3w. Jednocze\u015bnie rozwijamy sprzeda\u017c online, aby nasze sery mog\u0142y trafi\u0107 r\u00f3wnie\u017c do klient\u00f3w w ca\u0142ej Polsce.<\/p>\t\t\t\t\t\t\t\t<\/div>\n\t\t\t\t\t<\/div>\n\t\t<\/div>\n\t\t\t\t\t<\/div>\n\t\t<\/section>\n\t\t\t\t<section class=\"elementor-section elementor-top-section elementor-element elementor-element-00de1bb elementor-section-content-middle elementor-section-boxed elementor-section-height-default elementor-section-height-default\" data-id=\"00de1bb\" data-element_type=\"section\" data-e-type=\"section\" data-settings=\"{&quot;background_background&quot;:&quot;classic&quot;}\">\n\t\t\t\t\t\t\t<div class=\"elementor-background-overlay\"><\/div>\n\t\t\t\t\t\t\t<div class=\"elementor-container elementor-column-gap-no\">\n\t\t\t\t\t<div class=\"elementor-column elementor-col-50 elementor-top-column elementor-element elementor-element-d5cc60c\" data-id=\"d5cc60c\" data-element_type=\"column\" data-e-type=\"column\">\n\t\t\t<div class=\"elementor-widget-wrap elementor-element-populated\">\n\t\t\t\t\t\t<div class=\"elementor-element elementor-element-a4fb892 elementor-widget elementor-widget-heading\" data-id=\"a4fb892\" data-element_type=\"widget\" data-e-type=\"widget\" data-widget_type=\"heading.default\">\n\t\t\t\t\t<h2 class=\"elementor-heading-title elementor-size-default\">Smak, kt\u00f3ry zaczyna si\u0119 od dobrego mleka<\/h2>\t\t\t\t<\/div>\n\t\t\t\t<div class=\"elementor-element elementor-element-0679d92 elementor-widget elementor-widget-text-editor\" data-id=\"0679d92\" data-element_type=\"widget\" data-e-type=\"widget\" data-widget_type=\"text-editor.default\">\n\t\t\t\t\t\t\t\t\t<p>Wierzymy, \u017ce najlepszy smak zaczyna si\u0119 od dobrego mleka i uczciwej pracy. Je\u015bli cenisz lokalne pochodzenie, kr\u00f3tki \u0142a\u0144cuch dostaw i produkty tworzone z dba\u0142o\u015bci\u0105 o ka\u017cdy detal \u2013 zapraszamy do zakup\u00f3w!<\/p>\t\t\t\t\t\t\t\t<\/div>\n\t\t\t\t\t<\/div>\n\t\t<\/div>\n\t\t\t\t<div class=\"elementor-column elementor-col-50 elementor-top-column elementor-element elementor-element-013a60b\" data-id=\"013a60b\" data-element_type=\"column\" data-e-type=\"column\" data-settings=\"{&quot;background_background&quot;:&quot;classic&quot;}\">\n\t\t\t<div class=\"elementor-widget-wrap elementor-element-populated\">\n\t\t\t\t\t\t<div class=\"elementor-element elementor-element-7296631 elementor-widget__width-initial elementor-widget elementor-widget-image\" data-id=\"7296631\" data-element_type=\"widget\" data-e-type=\"widget\" data-widget_type=\"image.default\">\n\t\t\t\t\t\t\t\t\t\t\t\t\t\t\t<img decoding=\"async\" width=\"300\" height=\"300\" src=\"https:\/\/grnykaza.pl\/wp-content\/uploads\/2026\/02\/gce7381e9014d96eca05a288c11e89b7140f6758e84dca5253a5921a438db3fa171aa6150afd2cc26ae99d5a98007231fa63cce02e041a1c96ba25441a53132eb_1280-1990072-300x300.jpg\" class=\"attachment-woocommerce_thumbnail size-woocommerce_thumbnail wp-image-308\" alt=\"milk can, glass, milk, glass of milk, drink, fresh, yummy, healthy, food, strengthening, straw, milk, milk, milk, milk, milk\" srcset=\"https:\/\/grnykaza.pl\/wp-content\/uploads\/2026\/02\/gce7381e9014d96eca05a288c11e89b7140f6758e84dca5253a5921a438db3fa171aa6150afd2cc26ae99d5a98007231fa63cce02e041a1c96ba25441a53132eb_1280-1990072-300x300.jpg 300w, https:\/\/grnykaza.pl\/wp-content\/uploads\/2026\/02\/gce7381e9014d96eca05a288c11e89b7140f6758e84dca5253a5921a438db3fa171aa6150afd2cc26ae99d5a98007231fa63cce02e041a1c96ba25441a53132eb_1280-1990072-150x150.jpg 150w, https:\/\/grnykaza.pl\/wp-content\/uploads\/2026\/02\/gce7381e9014d96eca05a288c11e89b7140f6758e84dca5253a5921a438db3fa171aa6150afd2cc26ae99d5a98007231fa63cce02e041a1c96ba25441a53132eb_1280-1990072-100x100.jpg 100w\" sizes=\"(max-width: 300px) 100vw, 300px\" \/>\t\t\t\t\t\t\t\t\t\t\t\t\t\t\t<\/div>\n\t\t\t\t\t<\/div>\n\t\t<\/div>\n\t\t\t\t\t<\/div>\n\t\t<\/section>\n\t\t\t\t<\/div>\n\t\t","protected":false},"excerpt":{"rendered":"<p>\u015awie\u017co\u015b\u0107 i tradycja w ka\u017cdym k\u0119sie! Nasze sery to r\u0119czna praca, naturalne sk\u0142adniki i cierpliwo\u015b\u0107, kt\u00f3rej nie da si\u0119 przyspieszy\u0107. Ka\u017cdy ser przechodzi u nas dok\u0142adn\u0105 kontrol\u0119, aby trafi\u0142 do Ciebie dok\u0142adnie taki, jak lubisz &#8211; \u015bwie\u017cy i aromatyczny. Wystarczy otworzy\u0107 opakowanie, by poczu\u0107 zapach dymu z bac\u00f3wki i smak Podhala, kt\u00f3ry zostaje w pami\u0119ci&hellip;&nbsp;<a href=\"https:\/\/grnykaza.pl\/\" rel=\"bookmark\"><span class=\"screen-reader-text\">Strona g\u0142\u00f3wna<\/span><\/a><\/p>\n","protected":false},"author":1,"featured_media":0,"parent":0,"menu_order":0,"comment_status":"closed","ping_status":"closed","template":"","meta":{"neve_meta_sidebar":"","neve_meta_container":"","neve_meta_enable_content_width":"","neve_meta_content_width":0,"neve_meta_title_alignment":"","neve_meta_author_avatar":"","neve_post_elements_order":"","neve_meta_disable_header":"off","neve_meta_disable_footer":"","neve_meta_disable_title":"on","footnotes":""},"class_list":["post-2","page","type-page","status-publish","hentry"],"_links":{"self":[{"href":"https:\/\/grnykaza.pl\/index.php?rest_route=\/wp\/v2\/pages\/2","targetHints":{"allow":["GET"]}}],"collection":[{"href":"https:\/\/grnykaza.pl\/index.php?rest_route=\/wp\/v2\/pages"}],"about":[{"href":"https:\/\/grnykaza.pl\/index.php?rest_route=\/wp\/v2\/types\/page"}],"author":[{"embeddable":true,"href":"https:\/\/grnykaza.pl\/index.php?rest_route=\/wp\/v2\/users\/1"}],"replies":[{"embeddable":true,"href":"https:\/\/grnykaza.pl\/index.php?rest_route=%2Fwp%2Fv2%2Fcomments&post=2"}],"version-history":[{"count":142,"href":"https:\/\/grnykaza.pl\/index.php?rest_route=\/wp\/v2\/pages\/2\/revisions"}],"predecessor-version":[{"id":513,"href":"https:\/\/grnykaza.pl\/index.php?rest_route=\/wp\/v2\/pages\/2\/revisions\/513"}],"wp:attachment":[{"href":"https:\/\/grnykaza.pl\/index.php?rest_route=%2Fwp%2Fv2%2Fmedia&parent=2"}],"curies":[{"name":"wp","href":"https:\/\/api.w.org\/{rel}","templated":true}]}}