{"id":3,"date":"2025-10-06T06:41:32","date_gmt":"2025-10-06T06:41:32","guid":{"rendered":"http:\/\/grnykaza.pl\/?page_id=3"},"modified":"2026-03-24T20:05:49","modified_gmt":"2026-03-24T20:05:49","slug":"privacy-policy","status":"publish","type":"page","link":"https:\/\/grnykaza.pl\/?page_id=3","title":{"rendered":"Polityka Prywatno\u015bci"},"content":{"rendered":"\t\t<div data-elementor-type=\"wp-page\" data-elementor-id=\"3\" class=\"elementor elementor-3\">\n\t\t\t\t<div class=\"elementor-element elementor-element-30d62ea2 e-flex e-con-boxed e-con e-parent\" data-id=\"30d62ea2\" data-element_type=\"container\" data-e-type=\"container\">\n\t\t\t\t\t<div class=\"e-con-inner\">\n\t\t\t\t<div class=\"elementor-element elementor-element-15bbcf85 elementor-widget elementor-widget-text-editor\" data-id=\"15bbcf85\" data-element_type=\"widget\" data-e-type=\"widget\" data-widget_type=\"text-editor.default\">\n\t\t\t\t\t\t\t\t\t\n<h2>Polityka Prywatno\u015bci<\/h2>\n<div class=\"wp-block-uagb-container uagb-block-da2c0391 default uagb-is-root-container\">\n<h5 class=\"wp-block-heading\" style=\"padding-top: 0; padding-bottom: 0;\">1. Informacje og\u00f3lne<\/h5>\n\n<p style=\"border-top-left-radius: 0px; border-top-right-radius: 0px; border-bottom-left-radius: 0px; border-bottom-right-radius: 0px; padding: 0;\">Niniejsza Polityka prywatno\u015bci opisuje zasady przetwarzania danych osobowych oraz wykorzystywania plik\u00f3w cookies w sklepie internetowym <strong>Grnykaza.pl<\/strong> (dalej: \u201eSklep\u201d).<\/p>\n\n<p class=\"has-neve-text-color-color has-text-color has-link-color wp-elements-4798ef2718381399effd09990840305a\">Administratorem danych osobowych jest:<br \/><strong>Krzysztof Nykaza<br \/><\/strong>Lasek 140B,<br \/>34-404 Klikuszowa<br \/>tel.: +48 <strong>505842173<\/strong><br \/>e-mail: <strong><a>nykaza.krzysztof@gmail.com<\/a><\/strong><br \/>(dalej: \u201eAdministrator\u201d).<\/p>\n\n<p>W sprawach zwi\u0105zanych z ochron\u0105 danych osobowych mo\u017cna kontaktowa\u0107 si\u0119 z Administratorem poprzez dane kontaktowe udost\u0119pnione na stronie Sklepu.<\/p>\n<p>\u00a0<\/p>\n\n<h5 class=\"wp-block-heading\">2. Zakres przetwarzanych danych<\/h5>\n\n<p class=\"ticss-3d4565e1\">W zale\u017cno\u015bci od sposobu korzystania ze Sklepu mo\u017cemy przetwarza\u0107 nast\u0119puj\u0105ce dane:<\/p>\n\n<ul class=\"wp-block-list ticss-9a41bc04\">\n<li>imi\u0119 i nazwisko,<\/li>\n\n<li>numer telefonu,<\/li>\n\n<li>adres e-mail,<\/li>\n\n<li>adres dostawy (je\u015bli dotyczy),<\/li>\n\n<li>adres rozliczeniowy (je\u015bli dotyczy).<\/li>\n\n<li>dane do wystawienia dokumentu sprzeda\u017cy (je\u015bli podane),<\/li>\n\n<li>dane techniczne zwi\u0105zane z korzystaniem ze Sklepu (np. adres IP, identyfikatory cookies, dane o przegl\u0105darce i urz\u0105dzeniu).<\/li>\n<\/ul>\n\n<p>Podanie danych jest dobrowolne, ale niezb\u0119dne do z\u0142o\u017cenia i realizacji zam\u00f3wienia (dotyczy danych wymaganych w formularzu zam\u00f3wienia).<\/p>\n<p>\u00a0<\/p>\n\n<h5 class=\"wp-block-heading\">3. Cele i podstawy prawne przetwarzania danych<\/h5>\n\n<p class=\"ticss-75269166\">Dane osobowe przetwarzamy w nast\u0119puj\u0105cych celach:<\/p>\n\n<ol class=\"wp-block-list ticss-a9c7e70a\">\n<li><strong>Realizacja zam\u00f3wienia i sprzeda\u017cy<\/strong> (w tym kontakt w sprawie odbioru osobistego lub dostawy kurierem)<br \/>Podstawa prawna: art. 6 ust. 1 lit. b RODO (wykonanie umowy).<\/li>\n\n<li><strong>Rozliczenia i obowi\u0105zki podatkowo-ksi\u0119gowe<\/strong> (np. dokumenty sprzeda\u017cy)<br \/>Podstawa prawna: art. 6 ust. 1 lit. c RODO (obowi\u0105zek prawny).<\/li>\n\n<li><strong>Obs\u0142uga zapyta\u0144 kierowanych do Administratora<\/strong> (np. przez formularz, e-mail lub telefon)<br \/>Podstawa prawna: art. 6 ust. 1 lit. f RODO (uzasadniony interes Administratora \u2013 komunikacja i obs\u0142uga klienta).<\/li>\n\n<li><strong>Dochodzenie roszcze\u0144 lub obrona przed roszczeniami<\/strong><br \/>Podstawa prawna: art. 6 ust. 1 lit. f RODO (uzasadniony interes Administratora).<\/li>\n\n<li><strong>Cele analityczne i statystyczne oraz zapewnienie prawid\u0142owego dzia\u0142ania Sklepu<\/strong> (cookies techniczne)<br \/>Podstawa prawna: art. 6 ust. 1 lit. f RODO (uzasadniony interes Administratora).<\/li>\n<\/ol>\n<p>\u00a0<\/p>\n\n<h5 class=\"wp-block-heading\">4. P\u0142atno\u015bci, odbi\u00f3r osobisty i dostawa kurierem<\/h5>\n\n<p class=\"ticss-0aac03fa\">W Sklepie dost\u0119pne s\u0105 nast\u0119puj\u0105ce formy p\u0142atno\u015bci:<\/p>\n\n<ul class=\"wp-block-list ticss-bede96cc\">\n<li><strong>przelew bankowy<\/strong>,<\/li>\n\n<li><strong>p\u0142atno\u015b\u0107 przy odbiorze<\/strong>.<\/li>\n<\/ul>\n\n<p class=\"ticss-72dd2ef6\">Zam\u00f3wienia mog\u0105 by\u0107 realizowane w formule:<\/p>\n\n<ul class=\"wp-block-list ticss-2f3aba5a\">\n<li><strong>odbioru osobistego<\/strong>, albo<\/li>\n\n<li><strong>dostawy kurierem<\/strong> na adres wskazany przez Klienta.<\/li>\n<\/ul>\n\n<p>Oznacza to, \u017ce dane przekazywane w ramach zam\u00f3wienia s\u0105 wykorzystywane przede wszystkim do:<\/p>\n\n<ul class=\"wp-block-list ticss-869cdbfc\">\n<li>potwierdzenia zam\u00f3wienia,<\/li>\n\n<li>ustalenia i obs\u0142ugi odbioru osobistego lub przygotowania i nadania przesy\u0142ki,<\/li>\n\n<li>kontaktu w sprawach dotycz\u0105cych realizacji zam\u00f3wienia,<\/li>\n\n<li>rozliczenia zam\u00f3wienia.<\/li>\n<\/ul>\n\n<p>W przypadku dostawy kurierem Administrator mo\u017ce przekaza\u0107 przewo\u017anikowi dane niezb\u0119dne do realizacji dostawy (np. imi\u0119 i nazwisko, adres, numer telefonu).<\/p>\n<p>\u00a0<\/p>\n\n<h5 class=\"wp-block-heading\">5. Odbiorcy danych<\/h5>\n\n<p class=\"ticss-70804549\">Dane mog\u0105 by\u0107 przekazywane wy\u0142\u0105cznie podmiotom wspieraj\u0105cym Administratora w prowadzeniu Sklepu, w szczeg\u00f3lno\u015bci:<\/p>\n\n<ul class=\"wp-block-list ticss-9f04b7fc\">\n<li>firmy kurierskie (w zakresie niezb\u0119dnym do realizacji dostawy).<\/li>\n\n<li>dostawcy hostingu i infrastruktury IT,<\/li>\n\n<li>dostawcy us\u0142ug utrzymania i administracji strony WWW,<\/li>\n\n<li>dostawcy systemu sklepowego oraz wtyczek wykorzystywanych w Sklepie,<\/li>\n\n<li>biuru rachunkowemu lub podmiotom \u015bwiadcz\u0105cym us\u0142ugi ksi\u0119gowe (je\u015bli dotyczy).<\/li>\n<\/ul>\n\n<p>Dane nie s\u0105 sprzedawane ani udost\u0119pniane podmiotom trzecim w celach marketingowych.<\/p>\n<p>\u00a0<\/p>\n\n<h5 class=\"wp-block-heading\">6. Przekazywanie danych poza EOG<\/h5>\n\n<p>Administrator co do zasady nie zamierza przekazywa\u0107 danych poza Europejski Obszar Gospodarczy (EOG). Je\u015bli w zwi\u0105zku z u\u017cyciem narz\u0119dzi IT dostawca us\u0142ug przetwarza dane poza EOG, odbywa si\u0119 to zgodnie z obowi\u0105zuj\u0105cymi przepisami (np. na podstawie standardowych klauzul umownych).<\/p>\n<p>\u00a0<\/p>\n\n<h5 class=\"wp-block-heading\">7. Okres przechowywania danych<\/h5>\n\n<p class=\"ticss-2a4c25c0\">Dane b\u0119d\u0105 przechowywane:<\/p>\n\n<ul class=\"wp-block-list ticss-391559f1\">\n<li>przez czas niezb\u0119dny do realizacji zam\u00f3wienia i rozlicze\u0144,<\/li>\n\n<li>przez okres wynikaj\u0105cy z przepis\u00f3w prawa (np. podatkowych i rachunkowych),<\/li>\n\n<li>do czasu przedawnienia ewentualnych roszcze\u0144,<\/li>\n\n<li>w przypadku danych przetwarzanych na podstawie zgody (je\u015bli b\u0119dzie stosowana) \u2013 do momentu jej wycofania.<\/li>\n<\/ul>\n<p>\u00a0<\/p>\n\n<h5 class=\"wp-block-heading\">8. Prawa os\u00f3b, kt\u00f3rych dane dotycz\u0105<\/h5>\n\n<p class=\"ticss-27dfdad4\">Ka\u017cdej osobie, kt\u00f3rej dane s\u0105 przetwarzane, przys\u0142uguj\u0105 prawa:<\/p>\n\n<ul class=\"wp-block-list ticss-c64986ee\">\n<li>dost\u0119pu do danych,<\/li>\n\n<li>sprostowania danych,<\/li>\n\n<li>usuni\u0119cia danych (w przypadkach przewidzianych prawem),<\/li>\n\n<li>ograniczenia przetwarzania,<\/li>\n\n<li>przenoszenia danych,<\/li>\n\n<li>sprzeciwu wobec przetwarzania danych opartego na art. 6 ust. 1 lit. f RODO.<\/li>\n<\/ul>\n\n<p>Je\u017celi przetwarzanie odbywa si\u0119 na podstawie zgody (je\u015bli dotyczy), zgod\u0119 mo\u017cna wycofa\u0107 w dowolnym momencie \u2013 bez wp\u0142ywu na zgodno\u015b\u0107 z prawem przetwarzania sprzed wycofania.<\/p>\n<p>\u00a0<\/p>\n\n<h5 class=\"wp-block-heading\">9. Pliki cookies i technologie podobne<\/h5>\n\n<p class=\"ticss-5e3ec048\">Sklep wykorzystuje pliki cookies w celu:<\/p>\n\n<ul class=\"wp-block-list ticss-2fb705ca\">\n<li>zapewnienia prawid\u0142owego dzia\u0142ania strony i sklepu (cookies techniczne),<\/li>\n\n<li>obs\u0142ugi koszyka i procesu zakupowego,<\/li>\n\n<li>prowadzenia podstawowych statystyk i poprawy dzia\u0142ania serwisu (je\u015bli w\u0142\u0105czone).<\/li>\n<\/ul>\n\n<p>Cookies mo\u017cna ograniczy\u0107 lub zablokowa\u0107 w ustawieniach przegl\u0105darki. Nale\u017cy jednak pami\u0119ta\u0107, \u017ce wy\u0142\u0105czenie niekt\u00f3rych cookies mo\u017ce wp\u0142yn\u0105\u0107 na dzia\u0142anie Sklepu (np. koszyk, logowanie).<\/p>\n<p>\u00a0<\/p>\n\n<h5 class=\"wp-block-heading\">10. Bezpiecze\u0144stwo danych<\/h5>\n\n<p>Administrator stosuje odpowiednie \u015brodki organizacyjne i techniczne w celu ochrony danych osobowych przed nieuprawnionym dost\u0119pem, utrat\u0105 lub zniszczeniem.<\/p>\n<p>\u00a0<\/p>\n\n<h5 class=\"wp-block-heading\">11. Zmiany Polityki prywatno\u015bci<\/h5>\n\n<p>Administrator mo\u017ce aktualizowa\u0107 niniejsz\u0105 Polityk\u0119 prywatno\u015bci, w szczeg\u00f3lno\u015bci w przypadku zmian w funkcjonowaniu Sklepu lub zmian przepis\u00f3w. Aktualna wersja dokumentu jest publikowana na stronie Sklepu.<\/p>\n<\/div>\n<!-- \/wp:uagb\/container --><!-- wp:paragraph -->\n<p>\u00a0<\/p>\n<!-- \/wp:paragraph -->\t\t\t\t\t\t\t\t<\/div>\n\t\t\t\t\t<\/div>\n\t\t\t\t<\/div>\n\t\t\t\t<\/div>\n\t\t","protected":false},"excerpt":{"rendered":"<p>Polityka Prywatno\u015bci 1. Informacje og\u00f3lne Niniejsza Polityka prywatno\u015bci opisuje zasady przetwarzania danych osobowych oraz wykorzystywania plik\u00f3w cookies w sklepie internetowym Grnykaza.pl (dalej: \u201eSklep\u201d). Administratorem danych osobowych jest:Krzysztof NykazaLasek 140B,34-404 Klikuszowatel.: +48 505842173e-mail: nykaza.krzysztof@gmail.com(dalej: \u201eAdministrator\u201d). W sprawach zwi\u0105zanych z ochron\u0105 danych osobowych mo\u017cna kontaktowa\u0107 si\u0119 z Administratorem poprzez dane kontaktowe udost\u0119pnione na stronie Sklepu. \u00a0 2.&hellip;&nbsp;<a href=\"https:\/\/grnykaza.pl\/?page_id=3\" rel=\"bookmark\"><span class=\"screen-reader-text\">Polityka Prywatno\u015bci<\/span><\/a><\/p>\n","protected":false},"author":1,"featured_media":0,"parent":0,"menu_order":0,"comment_status":"closed","ping_status":"open","template":"","meta":{"neve_meta_sidebar":"","neve_meta_container":"","neve_meta_enable_content_width":"","neve_meta_content_width":0,"neve_meta_title_alignment":"","neve_meta_author_avatar":"","neve_post_elements_order":"","neve_meta_disable_header":"","neve_meta_disable_footer":"","neve_meta_disable_title":"on","footnotes":""},"class_list":["post-3","page","type-page","status-publish","hentry"],"_links":{"self":[{"href":"https:\/\/grnykaza.pl\/index.php?rest_route=\/wp\/v2\/pages\/3","targetHints":{"allow":["GET"]}}],"collection":[{"href":"https:\/\/grnykaza.pl\/index.php?rest_route=\/wp\/v2\/pages"}],"about":[{"href":"https:\/\/grnykaza.pl\/index.php?rest_route=\/wp\/v2\/types\/page"}],"author":[{"embeddable":true,"href":"https:\/\/grnykaza.pl\/index.php?rest_route=\/wp\/v2\/users\/1"}],"replies":[{"embeddable":true,"href":"https:\/\/grnykaza.pl\/index.php?rest_route=%2Fwp%2Fv2%2Fcomments&post=3"}],"version-history":[{"count":12,"href":"https:\/\/grnykaza.pl\/index.php?rest_route=\/wp\/v2\/pages\/3\/revisions"}],"predecessor-version":[{"id":543,"href":"https:\/\/grnykaza.pl\/index.php?rest_route=\/wp\/v2\/pages\/3\/revisions\/543"}],"wp:attachment":[{"href":"https:\/\/grnykaza.pl\/index.php?rest_route=%2Fwp%2Fv2%2Fmedia&parent=3"}],"curies":[{"name":"wp","href":"https:\/\/api.w.org\/{rel}","templated":true}]}}