{"id":345,"date":"2026-02-26T19:51:18","date_gmt":"2026-02-26T19:51:18","guid":{"rendered":"https:\/\/grnykaza.pl\/?page_id=345"},"modified":"2026-03-25T09:53:20","modified_gmt":"2026-03-25T09:53:20","slug":"kontakt","status":"publish","type":"page","link":"https:\/\/grnykaza.pl\/?page_id=345","title":{"rendered":"Kontakt"},"content":{"rendered":"\t\t<div data-elementor-type=\"wp-page\" data-elementor-id=\"345\" class=\"elementor elementor-345\">\n\t\t\t\t\t\t<section class=\"elementor-section elementor-top-section elementor-element elementor-element-u3cau5c elementor-section-content-top elementor-section-boxed elementor-section-height-default elementor-section-height-default\" data-id=\"u3cau5c\" data-element_type=\"section\" data-e-type=\"section\" data-settings=\"{&quot;background_background&quot;:&quot;classic&quot;}\">\n\t\t\t\t\t\t\t<div class=\"elementor-background-overlay\"><\/div>\n\t\t\t\t\t\t\t<div class=\"elementor-container elementor-column-gap-no\">\n\t\t\t\t\t<div class=\"elementor-column elementor-col-50 elementor-top-column elementor-element elementor-element-5312e3d\" data-id=\"5312e3d\" data-element_type=\"column\" data-e-type=\"column\">\n\t\t\t<div class=\"elementor-widget-wrap elementor-element-populated\">\n\t\t\t\t\t\t<div class=\"elementor-element elementor-element-f8e2218 elementor-widget elementor-widget-heading\" data-id=\"f8e2218\" data-element_type=\"widget\" data-e-type=\"widget\" data-widget_type=\"heading.default\">\n\t\t\t\t\t<h2 class=\"elementor-heading-title elementor-size-default\">Poznaj Nasze gospodarstwo<\/h2>\t\t\t\t<\/div>\n\t\t\t\t<div class=\"elementor-element elementor-element-14524f7 elementor-widget elementor-widget-text-editor\" data-id=\"14524f7\" data-element_type=\"widget\" data-e-type=\"widget\" data-widget_type=\"text-editor.default\">\n\t\t\t\t\t\t\t\t\t<p data-start=\"0\" data-end=\"298\">Jeste\u015bmy rodzinnym gospodarstwem z okolic Nowego Targu, gdzie od lat prowadzimy hodowl\u0119 kr\u00f3w mlecznych i uprawiamy ro\u015bliny na pasz\u0119. Na co dzie\u0144 dbamy o jako\u015b\u0107 mleka, kt\u00f3re powstaje w naturalnym rytmie gospodarstwa, bo w\u0142a\u015bnie z niego wytwarzamy nasze sery.<\/p><p data-start=\"0\" data-end=\"298\">Masz pytania o dost\u0119pno\u015b\u0107 produkt\u00f3w lub szczeg\u00f3\u0142y zam\u00f3wienia? Skontaktuj si\u0119 z nami, ch\u0119tnie pomo\u017cemy!<\/p><p data-start=\"0\" data-end=\"298\"><strong>Krzysztof Nykaza<\/strong><br \/>Lasek 140B,<br \/>34-404 Klikuszowa<br \/>tel.: +48 505842173<br \/>e-mail: nykaza.krzysztof@gmail.com\u00a0<\/p><div>\u00a0<\/div>\t\t\t\t\t\t\t\t<\/div>\n\t\t\t\t\t<\/div>\n\t\t<\/div>\n\t\t\t\t<div class=\"elementor-column elementor-col-50 elementor-top-column elementor-element elementor-element-044873a\" data-id=\"044873a\" data-element_type=\"column\" data-e-type=\"column\" data-settings=\"{&quot;background_background&quot;:&quot;classic&quot;}\">\n\t\t\t<div class=\"elementor-widget-wrap elementor-element-populated\">\n\t\t\t\t\t\t<div class=\"elementor-element elementor-element-810005f elementor-widget elementor-widget-image\" data-id=\"810005f\" data-element_type=\"widget\" data-e-type=\"widget\" data-widget_type=\"image.default\">\n\t\t\t\t\t\t\t\t\t\t\t\t\t\t\t<img fetchpriority=\"high\" decoding=\"async\" width=\"768\" height=\"427\" src=\"https:\/\/grnykaza.pl\/wp-content\/uploads\/2026\/02\/PRZOD-768x427.jpg\" class=\"attachment-medium_large size-medium_large wp-image-401\" alt=\"\" srcset=\"https:\/\/grnykaza.pl\/wp-content\/uploads\/2026\/02\/PRZOD-768x427.jpg 768w, https:\/\/grnykaza.pl\/wp-content\/uploads\/2026\/02\/PRZOD-300x167.jpg 300w, https:\/\/grnykaza.pl\/wp-content\/uploads\/2026\/02\/PRZOD-600x334.jpg 600w, https:\/\/grnykaza.pl\/wp-content\/uploads\/2026\/02\/PRZOD.jpg 1000w\" sizes=\"(max-width: 768px) 100vw, 768px\" \/>\t\t\t\t\t\t\t\t\t\t\t\t\t\t\t<\/div>\n\t\t\t\t\t<\/div>\n\t\t<\/div>\n\t\t\t\t\t<\/div>\n\t\t<\/section>\n\t\t\t\t<\/div>\n\t\t","protected":false},"excerpt":{"rendered":"<p>Poznaj Nasze gospodarstwo Jeste\u015bmy rodzinnym gospodarstwem z okolic Nowego Targu, gdzie od lat prowadzimy hodowl\u0119 kr\u00f3w mlecznych i uprawiamy ro\u015bliny na pasz\u0119. Na co dzie\u0144 dbamy o jako\u015b\u0107 mleka, kt\u00f3re powstaje w naturalnym rytmie gospodarstwa, bo w\u0142a\u015bnie z niego wytwarzamy nasze sery. Masz pytania o dost\u0119pno\u015b\u0107 produkt\u00f3w lub szczeg\u00f3\u0142y zam\u00f3wienia? Skontaktuj si\u0119 z nami, ch\u0119tnie&hellip;&nbsp;<a href=\"https:\/\/grnykaza.pl\/?page_id=345\" rel=\"bookmark\"><span class=\"screen-reader-text\">Kontakt<\/span><\/a><\/p>\n","protected":false},"author":2,"featured_media":0,"parent":0,"menu_order":0,"comment_status":"closed","ping_status":"closed","template":"page-templates\/template-pagebuilder-full-width.php","meta":{"neve_meta_sidebar":"","neve_meta_container":"","neve_meta_enable_content_width":"","neve_meta_content_width":0,"neve_meta_title_alignment":"","neve_meta_author_avatar":"","neve_post_elements_order":"","neve_meta_disable_header":"","neve_meta_disable_footer":"","neve_meta_disable_title":"on","footnotes":""},"class_list":["post-345","page","type-page","status-publish","hentry"],"_links":{"self":[{"href":"https:\/\/grnykaza.pl\/index.php?rest_route=\/wp\/v2\/pages\/345","targetHints":{"allow":["GET"]}}],"collection":[{"href":"https:\/\/grnykaza.pl\/index.php?rest_route=\/wp\/v2\/pages"}],"about":[{"href":"https:\/\/grnykaza.pl\/index.php?rest_route=\/wp\/v2\/types\/page"}],"author":[{"embeddable":true,"href":"https:\/\/grnykaza.pl\/index.php?rest_route=\/wp\/v2\/users\/2"}],"replies":[{"embeddable":true,"href":"https:\/\/grnykaza.pl\/index.php?rest_route=%2Fwp%2Fv2%2Fcomments&post=345"}],"version-history":[{"count":38,"href":"https:\/\/grnykaza.pl\/index.php?rest_route=\/wp\/v2\/pages\/345\/revisions"}],"predecessor-version":[{"id":554,"href":"https:\/\/grnykaza.pl\/index.php?rest_route=\/wp\/v2\/pages\/345\/revisions\/554"}],"wp:attachment":[{"href":"https:\/\/grnykaza.pl\/index.php?rest_route=%2Fwp%2Fv2%2Fmedia&parent=345"}],"curies":[{"name":"wp","href":"https:\/\/api.w.org\/{rel}","templated":true}]}}