{"id":369,"date":"2026-02-27T09:00:48","date_gmt":"2026-02-27T09:00:48","guid":{"rendered":"https:\/\/grnykaza.pl\/?page_id=369"},"modified":"2026-02-27T09:34:38","modified_gmt":"2026-02-27T09:34:38","slug":"kpo","status":"publish","type":"page","link":"https:\/\/grnykaza.pl\/?page_id=369","title":{"rendered":"KPO"},"content":{"rendered":"\t\t<div data-elementor-type=\"wp-page\" data-elementor-id=\"369\" class=\"elementor elementor-369\">\n\t\t\t\t<div class=\"elementor-element elementor-element-d35b2d9 e-flex e-con-boxed e-con e-parent\" data-id=\"d35b2d9\" data-element_type=\"container\" data-e-type=\"container\">\n\t\t\t\t\t<div class=\"e-con-inner\">\n\t\t\t\t<div class=\"elementor-element elementor-element-c927018 elementor-widget elementor-widget-heading\" data-id=\"c927018\" data-element_type=\"widget\" data-e-type=\"widget\" data-widget_type=\"heading.default\">\n\t\t\t\t\t<h2 class=\"elementor-heading-title elementor-size-default\">Dzia\u0142anie dofinansowane z Krajowego Planu Odbudowy KPO<\/h2>\t\t\t\t<\/div>\n\t\t\t\t<div class=\"elementor-element elementor-element-ef3d79e elementor-widget elementor-widget-image\" data-id=\"ef3d79e\" data-element_type=\"widget\" data-e-type=\"widget\" data-widget_type=\"image.default\">\n\t\t\t\t\t\t\t\t\t\t\t\t\t\t\t<img fetchpriority=\"high\" decoding=\"async\" width=\"1024\" height=\"129\" src=\"https:\/\/grnykaza.pl\/wp-content\/uploads\/2026\/02\/logo_kpo-1024x129.png\" class=\"attachment-large size-large wp-image-371\" alt=\"\" srcset=\"https:\/\/grnykaza.pl\/wp-content\/uploads\/2026\/02\/logo_kpo-1024x129.png 1024w, https:\/\/grnykaza.pl\/wp-content\/uploads\/2026\/02\/logo_kpo-300x38.png 300w, https:\/\/grnykaza.pl\/wp-content\/uploads\/2026\/02\/logo_kpo-768x97.png 768w, https:\/\/grnykaza.pl\/wp-content\/uploads\/2026\/02\/logo_kpo-600x76.png 600w, https:\/\/grnykaza.pl\/wp-content\/uploads\/2026\/02\/logo_kpo.png 1477w\" sizes=\"(max-width: 1024px) 100vw, 1024px\" \/>\t\t\t\t\t\t\t\t\t\t\t\t\t\t\t<\/div>\n\t\t\t\t<div class=\"elementor-element elementor-element-eded31b elementor-widget elementor-widget-heading\" data-id=\"eded31b\" data-element_type=\"widget\" data-e-type=\"widget\" data-widget_type=\"heading.default\">\n\t\t\t\t\t<h2 class=\"elementor-heading-title elementor-size-default\">Kr\u00f3tki opis przedsi\u0119wzi\u0119cia<\/h2>\t\t\t\t<\/div>\n\t\t\t\t<div class=\"elementor-element elementor-element-52de5a2 elementor-widget elementor-widget-text-editor\" data-id=\"52de5a2\" data-element_type=\"widget\" data-e-type=\"widget\" data-widget_type=\"text-editor.default\">\n\t\t\t\t\t\t\t\t\t<div class=\"flex flex-col text-sm pb-25\"><article class=\"text-token-text-primary w-full focus:outline-none [--shadow-height:45px] has-data-writing-block:pointer-events-none has-data-writing-block:-mt-(--shadow-height) has-data-writing-block:pt-(--shadow-height) [&amp;:has([data-writing-block])&gt;*]:pointer-events-auto scroll-mt-[calc(var(--header-height)+min(200px,max(70px,20svh)))]\" dir=\"auto\" tabindex=\"-1\" data-turn-id=\"request-69981c48-bc2c-8330-b971-b7fac8a5e509-4\" data-testid=\"conversation-turn-104\" data-scroll-anchor=\"true\" data-turn=\"assistant\"><div class=\"text-base my-auto mx-auto pb-10 [--thread-content-margin:--spacing(4)] @w-sm\/main:[--thread-content-margin:--spacing(6)] @w-lg\/main:[--thread-content-margin:--spacing(16)] px-(--thread-content-margin)\"><div class=\"[--thread-content-max-width:40rem] @w-lg\/main:[--thread-content-max-width:48rem] mx-auto max-w-(--thread-content-max-width) flex-1 group\/turn-messages focus-visible:outline-hidden relative flex w-full min-w-0 flex-col agent-turn\" tabindex=\"-1\"><div class=\"flex max-w-full flex-col grow\"><div class=\"min-h-8 text-message relative flex w-full flex-col items-end gap-2 text-start break-words whitespace-normal [.text-message+&amp;]:mt-1\" dir=\"auto\" data-message-author-role=\"assistant\" data-message-id=\"26cf8946-b859-4754-810a-01736a2629d1\" data-message-model-slug=\"gpt-5-2-thinking\"><div class=\"flex w-full flex-col gap-1 empty:hidden first:pt-[1px]\"><div class=\"markdown prose dark:prose-invert w-full wrap-break-word dark markdown-new-styling\"><p data-start=\"0\" data-end=\"432\">Moje gospodarstwo specjalizuje si\u0119 w produkcji mleka, opartej na w\u0142asnej bazie paszowej oraz hodowli kr\u00f3w mlecznych. Planowana dzia\u0142alno\u015b\u0107 ma na celu uruchomienie produkcji ser\u00f3w z mleka pochodz\u0105cego z mojego gospodarstwa oraz rozpocz\u0119cie ich sprzeda\u017cy bezpo\u015brednio do konsumenta finalnego w ramach rolniczego handlu detalicznego, co pozwoli na dywersyfikacj\u0119 przychod\u00f3w i skr\u00f3cenie \u0142a\u0144cucha dostaw.<\/p><p data-start=\"434\" data-end=\"1600\" data-is-last-node=\"\" data-is-only-node=\"\">W ramach inwestycji finansowanej z KPO wdra\u017cam rozwi\u0105zania, kt\u00f3re umo\u017cliwi\u0105 wytwarzanie ser\u00f3w o wysokiej jako\u015bci przy spe\u0142nieniu wymog\u00f3w sanitarnych. Realizuj\u0119 zakup kontenera ch\u0142odniczego z agregatem stanowi\u0105cego zaplecze produkcyjne, kot\u0142a serowarskiego do kontrolowanej obr\u00f3bki mleka i dokumentowania parametr\u00f3w procesu, komory w\u0119dzarniczej poszerzaj\u0105cej ofert\u0119 o sery w\u0119dzone oraz pakowarki pr\u00f3\u017cniowej zapewniaj\u0105cej bezpieczne pakowanie i utrzymanie \u015bwie\u017co\u015bci w transporcie. Dodatkowo, inwestuj\u0119 w izotermi\u0119 i pojemniki transportowe, kt\u00f3re pozwol\u0105 na sprawn\u0105 dystrybucj\u0119 do klient\u00f3w oraz lokalnych punkt\u00f3w sprzeda\u017cy, a tak\u017ce w instalacj\u0119 fotowoltaiczn\u0105 ograniczaj\u0105c\u0105 koszty energii wykorzystywanej w procesie produkcji i przechowywania. R\u00f3wnolegle wdra\u017cam sklep internetowy i <span class=\"TextRun SCXW138914014 BCX8\" lang=\"PL-PL\" xml:lang=\"PL-PL\" data-contrast=\"auto\"><span class=\"NormalTextRun SCXW138914014 BCX8\" data-ccp-charstyle=\"normaltextrun\" data-ccp-charstyle-defn=\"{&quot;ObjectId&quot;:&quot;ac0262f4-8a9e-5820-b908-2d943c5f7113|1&quot;,&quot;ClassId&quot;:1073872969,&quot;Properties&quot;:[201342446,&quot;1&quot;,201342447,&quot;5&quot;,201342448,&quot;1&quot;,201342449,&quot;1&quot;,469777841,&quot;Calibri&quot;,469777842,&quot;&quot;,469777843,&quot;Calibri&quot;,469777844,&quot;Calibri&quot;,201341986,&quot;1&quot;,469769226,&quot;Calibri&quot;,268442635,&quot;22&quot;,469775450,&quot;normaltextrun&quot;,201340122,&quot;1&quot;,134233614,&quot;true&quot;,469778129,&quot;normaltextrun&quot;,335572020,&quot;1&quot;,469778324,&quot;Default Paragraph Font&quot;]}\">aplikacj\u0119 wspomagaj\u0105c\u0105 procesy zarz\u0105dzania i planowania proces\u00f3w przygotowania do sprzeda\u017cy<\/span><\/span>, co stanowi implementacj\u0119 technologii informacyjno-komunikacyjnych w rolniczym handlu detalicznym.<\/p><p data-start=\"434\" data-end=\"1600\" data-is-last-node=\"\" data-is-only-node=\"\">Dzi\u0119ki wsparciu Krajowego Planu Odbudowy \u0142\u0105cz\u0119 tradycyjne rzemios\u0142o serowarskie z nowoczesn\u0105 organizacj\u0105 i cyfrow\u0105 obs\u0142ug\u0105 sprzeda\u017cy, stawiaj\u0105c na innowacyjno\u015b\u0107, jako\u015b\u0107 i bezpo\u015bredni kontakt z odbiorc\u0105.<\/p><\/div><\/div><\/div><\/div><\/div><\/div><\/article><\/div>\t\t\t\t\t\t\t\t<\/div>\n\t\t\t\t\t<\/div>\n\t\t\t\t<\/div>\n\t\t\t\t<\/div>\n\t\t","protected":false},"excerpt":{"rendered":"<p>Dzia\u0142anie dofinansowane z Krajowego Planu Odbudowy KPO Kr\u00f3tki opis przedsi\u0119wzi\u0119cia Moje gospodarstwo specjalizuje si\u0119 w produkcji mleka, opartej na w\u0142asnej bazie paszowej oraz hodowli kr\u00f3w mlecznych. Planowana dzia\u0142alno\u015b\u0107 ma na celu uruchomienie produkcji ser\u00f3w z mleka pochodz\u0105cego z mojego gospodarstwa oraz rozpocz\u0119cie ich sprzeda\u017cy bezpo\u015brednio do konsumenta finalnego w ramach rolniczego handlu detalicznego, co pozwoli&hellip;&nbsp;<a href=\"https:\/\/grnykaza.pl\/?page_id=369\" rel=\"bookmark\"><span class=\"screen-reader-text\">KPO<\/span><\/a><\/p>\n","protected":false},"author":2,"featured_media":0,"parent":0,"menu_order":0,"comment_status":"closed","ping_status":"closed","template":"page-templates\/template-pagebuilder-full-width.php","meta":{"neve_meta_sidebar":"","neve_meta_container":"","neve_meta_enable_content_width":"","neve_meta_content_width":0,"neve_meta_title_alignment":"","neve_meta_author_avatar":"","neve_post_elements_order":"","neve_meta_disable_header":"","neve_meta_disable_footer":"","neve_meta_disable_title":"on","footnotes":""},"class_list":["post-369","page","type-page","status-publish","hentry"],"_links":{"self":[{"href":"https:\/\/grnykaza.pl\/index.php?rest_route=\/wp\/v2\/pages\/369","targetHints":{"allow":["GET"]}}],"collection":[{"href":"https:\/\/grnykaza.pl\/index.php?rest_route=\/wp\/v2\/pages"}],"about":[{"href":"https:\/\/grnykaza.pl\/index.php?rest_route=\/wp\/v2\/types\/page"}],"author":[{"embeddable":true,"href":"https:\/\/grnykaza.pl\/index.php?rest_route=\/wp\/v2\/users\/2"}],"replies":[{"embeddable":true,"href":"https:\/\/grnykaza.pl\/index.php?rest_route=%2Fwp%2Fv2%2Fcomments&post=369"}],"version-history":[{"count":13,"href":"https:\/\/grnykaza.pl\/index.php?rest_route=\/wp\/v2\/pages\/369\/revisions"}],"predecessor-version":[{"id":388,"href":"https:\/\/grnykaza.pl\/index.php?rest_route=\/wp\/v2\/pages\/369\/revisions\/388"}],"wp:attachment":[{"href":"https:\/\/grnykaza.pl\/index.php?rest_route=%2Fwp%2Fv2%2Fmedia&parent=369"}],"curies":[{"name":"wp","href":"https:\/\/api.w.org\/{rel}","templated":true}]}}