{"id":333,"date":"2026-02-26T10:31:53","date_gmt":"2026-02-26T10:31:53","guid":{"rendered":"https:\/\/grnykaza.pl\/?post_type=product&#038;p=333"},"modified":"2026-03-20T13:10:40","modified_gmt":"2026-03-20T13:10:40","slug":"ser-goralski-wedzony-z-mleka-krowiego-opakowanie-200g","status":"publish","type":"product","link":"https:\/\/grnykaza.pl\/?product=ser-goralski-wedzony-z-mleka-krowiego-opakowanie-200g","title":{"rendered":"Ser g\u00f3ralski &#8211; ga\u0142ka \u015brednia (220g)"},"content":{"rendered":"<p>Ser g\u00f3ralski w\u0119dzony wytwarzany w Bac\u00f3wce Nykaza z mleka krowiego pochodz\u0105cego z naszego gospodarstwa. Formowany w tradycyjnych foremkach, dzi\u0119ki czemu ma charakterystyczny wz\u00f3r, a nast\u0119pnie w\u0119dzony, aby uzyska\u0107 wyrazisty aromat i z\u0142ocist\u0105 sk\u00f3rk\u0119. \u015awietnie smakuje na zimno, ale te\u017c po kr\u00f3tkim podpieczeniu na patelni lub grillu \u2013 wtedy staje si\u0119 bardziej mi\u0119kki i intensywny w smaku. Idealny do \u017curawiny, sa\u0142atek i da\u0144 na ciep\u0142o.<\/p>\n","protected":false},"excerpt":{"rendered":"<p>Tradycyjny ser z Bac\u00f3wki Nykaza, wytwarzany z mleka krowiego i w\u0119dzony dla wyrazistego aromatu. Doskona\u0142y na zimno oraz do podpieczenia na patelni lub grillu.<\/p>\n","protected":false},"featured_media":399,"comment_status":"open","ping_status":"closed","template":"","meta":{"neve_meta_sidebar":"","neve_meta_container":"","neve_meta_enable_content_width":"off","neve_meta_content_width":100,"neve_meta_title_alignment":"","neve_meta_author_avatar":"","neve_post_elements_order":"","neve_meta_disable_header":"","neve_meta_disable_footer":"","neve_meta_disable_title":""},"product_brand":[],"product_cat":[21],"product_tag":[],"class_list":{"0":"post-333","1":"product","2":"type-product","3":"status-publish","4":"has-post-thumbnail","6":"product_cat-produkty-spozywcze","8":"first","9":"instock","10":"shipping-taxable","11":"purchasable","12":"product-type-simple"},"_links":{"self":[{"href":"https:\/\/grnykaza.pl\/index.php?rest_route=\/wp\/v2\/product\/333","targetHints":{"allow":["GET"]}}],"collection":[{"href":"https:\/\/grnykaza.pl\/index.php?rest_route=\/wp\/v2\/product"}],"about":[{"href":"https:\/\/grnykaza.pl\/index.php?rest_route=\/wp\/v2\/types\/product"}],"replies":[{"embeddable":true,"href":"https:\/\/grnykaza.pl\/index.php?rest_route=%2Fwp%2Fv2%2Fcomments&post=333"}],"wp:featuredmedia":[{"embeddable":true,"href":"https:\/\/grnykaza.pl\/index.php?rest_route=\/wp\/v2\/media\/399"}],"wp:attachment":[{"href":"https:\/\/grnykaza.pl\/index.php?rest_route=%2Fwp%2Fv2%2Fmedia&parent=333"}],"wp:term":[{"taxonomy":"product_brand","embeddable":true,"href":"https:\/\/grnykaza.pl\/index.php?rest_route=%2Fwp%2Fv2%2Fproduct_brand&post=333"},{"taxonomy":"product_cat","embeddable":true,"href":"https:\/\/grnykaza.pl\/index.php?rest_route=%2Fwp%2Fv2%2Fproduct_cat&post=333"},{"taxonomy":"product_tag","embeddable":true,"href":"https:\/\/grnykaza.pl\/index.php?rest_route=%2Fwp%2Fv2%2Fproduct_tag&post=333"}],"curies":[{"name":"wp","href":"https:\/\/api.w.org\/{rel}","templated":true}]}}